{"id":58,"date":"2019-04-13T11:07:00","date_gmt":"2019-04-13T13:07:00","guid":{"rendered":"http:\/\/ipam.xyz\/?page_id=58"},"modified":"2026-04-03T19:06:48","modified_gmt":"2026-04-03T21:06:48","slug":"international-performance-arts-management","status":"publish","type":"page","link":"https:\/\/ipam.ist\/fr\/","title":{"rendered":"International Performance Arts Management"},"content":{"rendered":"<div class=\"fusion-fullwidth fullwidth-box nonhundred-percent-fullwidth non-hundred-percent-height-scrolling\"  style='background-color: #242424;background-position: center center;background-repeat: no-repeat;padding-top:0px;padding-right:0px;padding-bottom:0px;padding-left:0px;'><div class=\"fusion-builder-row fusion-row \"><div  class=\"fusion-layout-column fusion_builder_column fusion_builder_column_1_1 fusion-builder-column-1 fusion-one-full fusion-column-first fusion-column-last 1_1\"  style='margin-top:0px;margin-bottom:20px;'>\n\t\t\t\t\t<div class=\"fusion-column-wrapper\" style=\"padding: 0px 0px 0px 0px;background-position:left top;background-repeat:no-repeat;-webkit-background-size:cover;-moz-background-size:cover;-o-background-size:cover;background-size:cover;\"   data-bg-url=\"\">\n\t\t\t\t\t\t<style type='text\/css'>.reading-box-container-1 .element-bottomshadow:before,.reading-box-container-1 .element-bottomshadow:after{opacity:0.70;}<\/style><div class=\"fusion-reading-box-container reading-box-container-1\" style=\"margin-top:0px;margin-bottom:84px;\"><div class=\"reading-box\" style=\"background-color:#3e3e3e;border-width:1px;border-color:#3e3e3e;border-left-width:3px;border-left-color:#00ced1;border-style:solid;\"><h2>International Performing Arts Management<\/h2><div class=\"reading-box-additional fusion-reading-box-additional\">\n<h2><strong>Une plateforme multidisciplinaire o\u00f9 convergent la production des arts du spectacle, la strat\u00e9gie culturelle internationale et la pratique acad\u00e9mique.<\/strong><\/h2>\n<\/div><div class=\"fusion-clearfix\"><\/div><\/div><\/div><div class=\"fusion-tabs fusion-tabs-1 clean horizontal-tabs icon-position-left\"><style type=\"text\/css\">#wrapper .fusion-tabs.fusion-tabs-1.clean .nav-tabs li a{border-color:#ebeaea;}.fusion-tabs.fusion-tabs-1 .nav-tabs li a{background-color:#313132;}.fusion-tabs.fusion-tabs-1 .nav-tabs li.active a,.fusion-tabs.fusion-tabs-1 .nav-tabs li.active a:hover,.fusion-tabs.fusion-tabs-1 .nav-tabs li.active a:focus{background-color:#3e3e3e;}.fusion-tabs.fusion-tabs-1 .nav-tabs li a:hover{background-color:#3e3e3e;border-top-color:#3e3e3e;}.fusion-tabs.fusion-tabs-1 .tab-pane{background-color:#3e3e3e;}.fusion-tabs.fusion-tabs-1 .nav,.fusion-tabs.fusion-tabs-1 .nav-tabs,.fusion-tabs.fusion-tabs-1 .tab-content .tab-pane{border-color:#ebeaea;}<\/style><div class=\"nav\"><ul class=\"nav-tabs nav-justified\"><li class=\"active\"><a class=\"tab-link\" data-toggle=\"tab\" id=\"fusion-tab-selectedshows\" href=\"#tab-af23eceb12d9529c112\"><h4 class=\"fusion-tab-heading\">Selected Shows<\/h4><\/a><\/li><li><a class=\"tab-link\" data-toggle=\"tab\" id=\"fusion-tab-dance\" href=\"#tab-89628bba75ef77188e6\"><h4 class=\"fusion-tab-heading\">Dance<\/h4><\/a><\/li><li><a class=\"tab-link\" data-toggle=\"tab\" id=\"fusion-tab-newcircus\" href=\"#tab-59f2fd68e1f36cd4f82\"><h4 class=\"fusion-tab-heading\">New Circus<\/h4><\/a><\/li><li><a class=\"tab-link\" data-toggle=\"tab\" id=\"fusion-tab-theater\" href=\"#tab-db058e0b0c13b0677b7\"><h4 class=\"fusion-tab-heading\">Theater<\/h4><\/a><\/li><li><a class=\"tab-link\" data-toggle=\"tab\" id=\"fusion-tab-performance\" href=\"#tab-c89f4d7cd93a3249441\"><h4 class=\"fusion-tab-heading\">Performance<\/h4><\/a><\/li><\/ul><\/div><div class=\"tab-content\"><div class=\"nav fusion-mobile-tab-nav\"><ul class=\"nav-tabs nav-justified\"><li class=\"active\"><a class=\"tab-link\" data-toggle=\"tab\" id=\"mobile-fusion-tab-selectedshows\" href=\"#tab-af23eceb12d9529c112\"><h4 class=\"fusion-tab-heading\">Selected Shows<\/h4><\/a><\/li><\/ul><\/div><div class=\"tab-pane fade fusion-clearfix in active\" id=\"tab-af23eceb12d9529c112\"><\/div><div class=\"nav fusion-mobile-tab-nav\"><ul class=\"nav-tabs nav-justified\"><li><a class=\"tab-link\" data-toggle=\"tab\" id=\"mobile-fusion-tab-dance\" href=\"#tab-89628bba75ef77188e6\"><h4 class=\"fusion-tab-heading\">Dance<\/h4><\/a><\/li><\/ul><\/div><div class=\"tab-pane fade fusion-clearfix\" id=\"tab-89628bba75ef77188e6\"><\/div><div class=\"nav fusion-mobile-tab-nav\"><ul class=\"nav-tabs nav-justified\"><li><a class=\"tab-link\" data-toggle=\"tab\" id=\"mobile-fusion-tab-newcircus\" href=\"#tab-59f2fd68e1f36cd4f82\"><h4 class=\"fusion-tab-heading\">New Circus<\/h4><\/a><\/li><\/ul><\/div><div class=\"tab-pane fade fusion-clearfix\" id=\"tab-59f2fd68e1f36cd4f82\"><div class=\"fusion-blog-shortcode fusion-blog-shortcode-3 fusion-blog-archive fusion-blog-layout-grid-wrapper fusion-blog-no fusion-blog-layout-center\"><style type=\"text\/css\">.fusion-blog-shortcode-3 .fusion-blog-layout-grid .fusion-post-grid{padding:20px;}.fusion-blog-shortcode-3 .fusion-posts-container{margin-left: -20px !important; margin-right:-20px !important;}<\/style><div class=\"fusion-posts-container fusion-posts-container-no fusion-no-meta-info fusion-blog-rollover fusion-blog-layout-grid fusion-blog-layout-grid-3 isotope fusion-blog-equal-heights\" data-pages=\"1\" data-grid-col-space=\"40\" style=\"margin: -20px -20px 0;min-height:500px;\"><article id=\"blog-3-post-1062\" class=\"fusion-post-grid post-1062 post type-post status-publish format-standard has-post-thumbnail hentry category-compagnia-baccala category-genres category-new-circus category-non-classifiee category-theater\">\n<div class=\"fusion-post-wrapper\" style=\"background-color:rgba(62,62,62,1);border:1px solid #3e3e3e;border-bottom-width:3px;\">\n\n\t\t\t<div class=\"fusion-flexslider flexslider fusion-flexslider-loading fusion-post-slideshow\" style=\"border-color:#3e3e3e;\">\n\t\t<ul class=\"slides\">\n\t\t\t\n\t\t\t\t\t\t\t\t\t\t\t\t\t\t<li>\n\n<div  class=\"fusion-image-wrapper\" aria-haspopup=\"true\">\n\t\n\t\n\t\t\n\t\t\t\t\t<img loading=\"lazy\" decoding=\"async\" width=\"750\" height=\"500\" src=\"https:\/\/ipam.ist\/wp-content\/uploads\/2019\/05\/Baccala\u0300_Oh_Oh_Djamila_Agustoni_2-400x267.jpg\" class=\"attachment-full size-full wp-post-image\" alt=\"\" srcset=\"https:\/\/ipam.ist\/wp-content\/uploads\/2019\/05\/Baccala\u0300_Oh_Oh_Djamila_Agustoni_2-200x133.jpg 200w, https:\/\/ipam.ist\/wp-content\/uploads\/2019\/05\/Baccala\u0300_Oh_Oh_Djamila_Agustoni_2-400x267.jpg 400w, https:\/\/ipam.ist\/wp-content\/uploads\/2019\/05\/Baccala\u0300_Oh_Oh_Djamila_Agustoni_2-600x400.jpg 600w, https:\/\/ipam.ist\/wp-content\/uploads\/2019\/05\/Baccala\u0300_Oh_Oh_Djamila_Agustoni_2.jpg 750w\" sizes=\"auto, (min-width: 2200px) 100vw, (min-width: 784px) 340px, (min-width: 712px) 510px, (min-width: 640px) 712px, \" \/>\n\t\n\n\t\t<div class=\"fusion-rollover\">\n\t<div class=\"fusion-rollover-content\">\n\n\t\t\t\t\t\t\t\t\t\t\t\t\t\t<a class=\"fusion-rollover-link\" href=\"https:\/\/ipam.ist\/fr\/oh-oh\/\">Oh Oh<\/a>\n\t\t\t\n\t\t\t\t\t\t\t\t\t\t\t\t\t\t\n\t\t\t\t\t\t\t\t\n\t\t\t\t\t\t\t\t\t\t\t\t\t<div class=\"fusion-rollover-sep\"><\/div>\n\t\t\t\t\n\t\t\t\t\t\t\t\t\t\t\t\t\t\t\t\t\t\t<a class=\"fusion-rollover-gallery\" href=\"https:\/\/ipam.ist\/wp-content\/uploads\/2019\/05\/Baccala\u0300_Oh_Oh_Djamila_Agustoni_2.jpg\" data-id=\"1062\" data-rel=\"iLightbox\n\t\t&lt;style type=&quot;text\/css&quot;&gt;\n\t\t\t#gallery-1 {\n\t\t\t\tmargin: auto;\n\t\t\t}\n\t\t\t#gallery-1 .gallery-item {\n\t\t\t\tfloat: left;\n\t\t\t\tmargin-top: 10px;\n\t\t\t\ttext-align: center;\n\t\t\t\twidth: 33%;\n\t\t\t}\n\t\t\t#gallery-1 img {\n\t\t\t\tborder: 2px solid #cfcfcf;\n\t\t\t}\n\t\t\t#gallery-1 .gallery-caption {\n\t\t\t\tmargin-left: 0;\n\t\t\t}\n\t\t\t\/* see gallery_shortcode() in wp-includes\/media.php *\/\n\t\t&lt;\/style&gt;\n\t\t&lt;div id=&#039;gallery-1&#039; class=&#039;gallery galleryid-1062 gallery-columns-3 gallery-size-thumbnail&#039;&gt;&lt;dl class=&#039;gallery-item&#039;&gt;\n\t\t\t&lt;dt class=&#039;gallery-icon landscape&#039;&gt;\n\t\t\t\t&lt;a data-rel=&quot;iLightbox[postimages]&quot; data-title=&quot;Baccal\u00e0_Oh_Oh_Djamila_Agustoni_2-1&quot; data-caption=&quot;&quot; href=&#039;https:\/\/ipam.ist\/fr\/oh-oh\/baccala_oh_oh_djamila_agustoni_2-1-2\/&#039;&gt;&lt;img width=&quot;150&quot; height=&quot;150&quot; src=&quot;https:\/\/ipam.ist\/wp-content\/uploads\/2019\/05\/Baccal\u00e0_Oh_Oh_Djamila_Agustoni_2-1-150x150.jpg&quot; class=&quot;attachment-thumbnail size-thumbnail&quot; alt=&quot;&quot; srcset=&quot;https:\/\/ipam.ist\/wp-content\/uploads\/2019\/05\/Baccal\u00e0_Oh_Oh_Djamila_Agustoni_2-1-66x66.jpg 66w, https:\/\/ipam.ist\/wp-content\/uploads\/2019\/05\/Baccal\u00e0_Oh_Oh_Djamila_Agustoni_2-1-150x150.jpg 150w&quot; sizes=&quot;(max-width: 150px) 100vw, 150px&quot; \/&gt;&lt;\/a&gt;\n\t\t\t&lt;\/dt&gt;&lt;\/dl&gt;&lt;dl class=&#039;gallery-item&#039;&gt;\n\t\t\t&lt;dt class=&#039;gallery-icon landscape&#039;&gt;\n\t\t\t\t&lt;a data-rel=&quot;iLightbox[postimages]&quot; data-title=&quot;Baccala\u0300_Oh_Oh_Djamila_Agustoni_2&quot; data-caption=&quot;&quot; href=&#039;https:\/\/ipam.ist\/fr\/oh-oh\/baccala_oh_oh_djamila_agustoni_2-2\/&#039;&gt;&lt;img width=&quot;150&quot; height=&quot;150&quot; src=&quot;https:\/\/ipam.ist\/wp-content\/uploads\/2019\/05\/Baccala\u0300_Oh_Oh_Djamila_Agustoni_2-150x150.jpg&quot; class=&quot;attachment-thumbnail size-thumbnail&quot; alt=&quot;&quot; srcset=&quot;https:\/\/ipam.ist\/wp-content\/uploads\/2019\/05\/Baccala\u0300_Oh_Oh_Djamila_Agustoni_2-66x66.jpg 66w, https:\/\/ipam.ist\/wp-content\/uploads\/2019\/05\/Baccala\u0300_Oh_Oh_Djamila_Agustoni_2-150x150.jpg 150w&quot; sizes=&quot;(max-width: 150px) 100vw, 150px&quot; \/&gt;&lt;\/a&gt;\n\t\t\t&lt;\/dt&gt;&lt;\/dl&gt;&lt;dl class=&#039;gallery-item&#039;&gt;\n\t\t\t&lt;dt class=&#039;gallery-icon portrait&#039;&gt;\n\t\t\t\t&lt;a data-rel=&quot;iLightbox[postimages]&quot; data-title=&quot;BACCALA\u0300_Oh_Oh_Djamila_Agustoni_0386&quot; data-caption=&quot;&quot; href=&#039;https:\/\/ipam.ist\/fr\/oh-oh\/baccala_oh_oh_djamila_agustoni_0386-2\/&#039;&gt;&lt;img width=&quot;150&quot; height=&quot;150&quot; src=&quot;https:\/\/ipam.ist\/wp-content\/uploads\/2019\/05\/BACCALA\u0300_Oh_Oh_Djamila_Agustoni_0386-150x150.jpg&quot; class=&quot;attachment-thumbnail size-thumbnail&quot; alt=&quot;&quot; srcset=&quot;https:\/\/ipam.ist\/wp-content\/uploads\/2019\/05\/BACCALA\u0300_Oh_Oh_Djamila_Agustoni_0386-66x66.jpg 66w, https:\/\/ipam.ist\/wp-content\/uploads\/2019\/05\/BACCALA\u0300_Oh_Oh_Djamila_Agustoni_0386-150x150.jpg 150w&quot; sizes=&quot;(max-width: 150px) 100vw, 150px&quot; \/&gt;&lt;\/a&gt;\n\t\t\t&lt;\/dt&gt;&lt;\/dl&gt;&lt;br style=&quot;clear: both&quot; \/&gt;\n\t\t&lt;\/div&gt;\n\" data-title=\"Baccala\u0300_Oh_Oh_Djamila_Agustoni_2\" data-caption=\"\">\n\t\t\t\t\t\tGallery\t\t\t\t\t<\/a>\n\t\t\t\t\t\t\t\t\t\t\t\t\t\t\n\t\t\t\t\n\t\t\t\t\t\t\t\t\t\t\t\t<h4 class=\"fusion-rollover-title\">\n\t\t\t\t\t<a href=\"https:\/\/ipam.ist\/fr\/oh-oh\/\">\n\t\t\t\t\t\tOh Oh\t\t\t\t\t<\/a>\n\t\t\t\t<\/h4>\n\t\t\t\n\t\t\t\t\t\t\t\t\t\t\t\t\t\t<div class=\"fusion-rollover-categories\"><a href=\"https:\/\/ipam.ist\/fr\/category\/compagnia-baccala\/\" rel=\"tag\">Compagnia Baccal\u00e0<\/a>, <a href=\"https:\/\/ipam.ist\/fr\/category\/genres\/\" rel=\"tag\">Genres<\/a>, <a href=\"https:\/\/ipam.ist\/fr\/category\/new-circus\/\" rel=\"tag\">New Circus<\/a>, <a href=\"https:\/\/ipam.ist\/fr\/category\/non-classifiee\/\" rel=\"tag\">Non classifi\u00e9(e)<\/a>, <a href=\"https:\/\/ipam.ist\/fr\/category\/theater\/\" rel=\"tag\">Theater<\/a><\/div>\t\t\t\t\t\n\t\t\n\t\t\t\t<a class=\"fusion-link-wrapper\" href=\"https:\/\/ipam.ist\/fr\/oh-oh\/\" aria-label=\"Oh Oh\"><\/a>\n\t<\/div>\n<\/div>\n\n\t\n<\/div>\n<\/li>\n\t\t\t\n\t\t\t\n\t\t\t\t\t\t\t\t\t\t\t\t\t\t\t\t\t\t\t\t\t\t\t\t\t\t\t\t\t\t\t\t\t\t\t\t\t\t\t\t\t\t\t\t\t\t\t\t\t\t\t\t\t\t\t\t\t\t\t\t\t\t\t\t\t\t\t\t<\/ul>\n\t<\/div>\n\t<div class=\"fusion-post-content-wrapper\" style=\"padding:30px 25px 20px 25px;\"><div class=\"fusion-post-content post-content\"><h2 class=\"blog-shortcode-post-title entry-title\"><a href=\"https:\/\/ipam.ist\/fr\/oh-oh\/\">Oh Oh<\/a><\/h2><div class=\"fusion-post-content-container\"><p>Compagnia Baccal\u00e0 (Switzerland)<\/p><\/div><\/div><\/div><div class=\"fusion-clearfix\"><\/div><\/div>\n<\/article>\n<div class=\"fusion-clearfix\"><\/div><\/div><\/div><\/div><div class=\"nav fusion-mobile-tab-nav\"><ul class=\"nav-tabs nav-justified\"><li><a class=\"tab-link\" data-toggle=\"tab\" id=\"mobile-fusion-tab-theater\" href=\"#tab-db058e0b0c13b0677b7\"><h4 class=\"fusion-tab-heading\">Theater<\/h4><\/a><\/li><\/ul><\/div><div class=\"tab-pane fade fusion-clearfix\" id=\"tab-49bfb5f18d3f6b74136\"><div class=\"fusion-blog-shortcode fusion-blog-shortcode-4 fusion-blog-archive fusion-blog-layout-grid-wrapper fusion-blog-no fusion-blog-layout-center\"><style type=\"text\/css\">.fusion-blog-shortcode-4 .fusion-blog-layout-grid .fusion-post-grid{padding:20px;}.fusion-blog-shortcode-4 .fusion-posts-container{margin-left: -20px !important; margin-right:-20px !important;}<\/style><div class=\"fusion-posts-container fusion-posts-container-no fusion-no-meta-info fusion-blog-rollover fusion-blog-layout-grid fusion-blog-layout-grid-3 isotope fusion-blog-equal-heights\" data-pages=\"1\" data-grid-col-space=\"40\" style=\"margin: -20px -20px 0;min-height:500px;\"><article id=\"blog-4-post-1062\" class=\"fusion-post-grid post-1062 post type-post status-publish format-standard has-post-thumbnail hentry category-compagnia-baccala category-genres category-new-circus category-non-classifiee category-theater\">\n<div class=\"fusion-post-wrapper\" style=\"background-color:rgba(62,62,62,1);border:1px solid #3e3e3e;border-bottom-width:3px;\">\n\n\t\t\t<div class=\"fusion-flexslider flexslider fusion-flexslider-loading fusion-post-slideshow\" style=\"border-color:#3e3e3e;\">\n\t\t<ul class=\"slides\">\n\t\t\t\n\t\t\t\t\t\t\t\t\t\t\t\t\t\t<li>\n\n<div  class=\"fusion-image-wrapper\" aria-haspopup=\"true\">\n\t\n\t\n\t\t\n\t\t\t\t\t<img loading=\"lazy\" decoding=\"async\" width=\"750\" height=\"500\" src=\"https:\/\/ipam.ist\/wp-content\/uploads\/2019\/05\/Baccala\u0300_Oh_Oh_Djamila_Agustoni_2-400x267.jpg\" class=\"attachment-full size-full wp-post-image\" alt=\"\" srcset=\"https:\/\/ipam.ist\/wp-content\/uploads\/2019\/05\/Baccala\u0300_Oh_Oh_Djamila_Agustoni_2-200x133.jpg 200w, https:\/\/ipam.ist\/wp-content\/uploads\/2019\/05\/Baccala\u0300_Oh_Oh_Djamila_Agustoni_2-400x267.jpg 400w, https:\/\/ipam.ist\/wp-content\/uploads\/2019\/05\/Baccala\u0300_Oh_Oh_Djamila_Agustoni_2-600x400.jpg 600w, https:\/\/ipam.ist\/wp-content\/uploads\/2019\/05\/Baccala\u0300_Oh_Oh_Djamila_Agustoni_2.jpg 750w\" sizes=\"auto, (min-width: 2200px) 100vw, (min-width: 784px) 340px, (min-width: 712px) 510px, (min-width: 640px) 712px, \" \/>\n\t\n\n\t\t<div class=\"fusion-rollover\">\n\t<div class=\"fusion-rollover-content\">\n\n\t\t\t\t\t\t\t\t\t\t\t\t\t\t<a class=\"fusion-rollover-link\" href=\"https:\/\/ipam.ist\/fr\/oh-oh\/\">Oh Oh<\/a>\n\t\t\t\n\t\t\t\t\t\t\t\t\t\t\t\t\t\t\n\t\t\t\t\t\t\t\t\n\t\t\t\t\t\t\t\t\t\t\t\t\t<div class=\"fusion-rollover-sep\"><\/div>\n\t\t\t\t\n\t\t\t\t\t\t\t\t\t\t\t\t\t\t\t\t\t\t<a class=\"fusion-rollover-gallery\" href=\"https:\/\/ipam.ist\/wp-content\/uploads\/2019\/05\/Baccala\u0300_Oh_Oh_Djamila_Agustoni_2.jpg\" data-id=\"1062\" data-rel=\"iLightbox\n\t\t&lt;style type=&quot;text\/css&quot;&gt;\n\t\t\t#gallery-2 {\n\t\t\t\tmargin: auto;\n\t\t\t}\n\t\t\t#gallery-2 .gallery-item {\n\t\t\t\tfloat: left;\n\t\t\t\tmargin-top: 10px;\n\t\t\t\ttext-align: center;\n\t\t\t\twidth: 33%;\n\t\t\t}\n\t\t\t#gallery-2 img {\n\t\t\t\tborder: 2px solid #cfcfcf;\n\t\t\t}\n\t\t\t#gallery-2 .gallery-caption {\n\t\t\t\tmargin-left: 0;\n\t\t\t}\n\t\t\t\/* see gallery_shortcode() in wp-includes\/media.php *\/\n\t\t&lt;\/style&gt;\n\t\t&lt;div id=&#039;gallery-2&#039; class=&#039;gallery galleryid-1062 gallery-columns-3 gallery-size-thumbnail&#039;&gt;&lt;dl class=&#039;gallery-item&#039;&gt;\n\t\t\t&lt;dt class=&#039;gallery-icon landscape&#039;&gt;\n\t\t\t\t&lt;a data-rel=&quot;iLightbox[postimages]&quot; data-title=&quot;Baccal\u00e0_Oh_Oh_Djamila_Agustoni_2-1&quot; data-caption=&quot;&quot; href=&#039;https:\/\/ipam.ist\/fr\/oh-oh\/baccala_oh_oh_djamila_agustoni_2-1-2\/&#039;&gt;&lt;img width=&quot;150&quot; height=&quot;150&quot; src=&quot;https:\/\/ipam.ist\/wp-content\/uploads\/2019\/05\/Baccal\u00e0_Oh_Oh_Djamila_Agustoni_2-1-150x150.jpg&quot; class=&quot;attachment-thumbnail size-thumbnail&quot; alt=&quot;&quot; srcset=&quot;https:\/\/ipam.ist\/wp-content\/uploads\/2019\/05\/Baccal\u00e0_Oh_Oh_Djamila_Agustoni_2-1-66x66.jpg 66w, https:\/\/ipam.ist\/wp-content\/uploads\/2019\/05\/Baccal\u00e0_Oh_Oh_Djamila_Agustoni_2-1-150x150.jpg 150w&quot; sizes=&quot;(max-width: 150px) 100vw, 150px&quot; \/&gt;&lt;\/a&gt;\n\t\t\t&lt;\/dt&gt;&lt;\/dl&gt;&lt;dl class=&#039;gallery-item&#039;&gt;\n\t\t\t&lt;dt class=&#039;gallery-icon landscape&#039;&gt;\n\t\t\t\t&lt;a data-rel=&quot;iLightbox[postimages]&quot; data-title=&quot;Baccala\u0300_Oh_Oh_Djamila_Agustoni_2&quot; data-caption=&quot;&quot; href=&#039;https:\/\/ipam.ist\/fr\/oh-oh\/baccala_oh_oh_djamila_agustoni_2-2\/&#039;&gt;&lt;img width=&quot;150&quot; height=&quot;150&quot; src=&quot;https:\/\/ipam.ist\/wp-content\/uploads\/2019\/05\/Baccala\u0300_Oh_Oh_Djamila_Agustoni_2-150x150.jpg&quot; class=&quot;attachment-thumbnail size-thumbnail&quot; alt=&quot;&quot; srcset=&quot;https:\/\/ipam.ist\/wp-content\/uploads\/2019\/05\/Baccala\u0300_Oh_Oh_Djamila_Agustoni_2-66x66.jpg 66w, https:\/\/ipam.ist\/wp-content\/uploads\/2019\/05\/Baccala\u0300_Oh_Oh_Djamila_Agustoni_2-150x150.jpg 150w&quot; sizes=&quot;(max-width: 150px) 100vw, 150px&quot; \/&gt;&lt;\/a&gt;\n\t\t\t&lt;\/dt&gt;&lt;\/dl&gt;&lt;dl class=&#039;gallery-item&#039;&gt;\n\t\t\t&lt;dt class=&#039;gallery-icon portrait&#039;&gt;\n\t\t\t\t&lt;a data-rel=&quot;iLightbox[postimages]&quot; data-title=&quot;BACCALA\u0300_Oh_Oh_Djamila_Agustoni_0386&quot; data-caption=&quot;&quot; href=&#039;https:\/\/ipam.ist\/fr\/oh-oh\/baccala_oh_oh_djamila_agustoni_0386-2\/&#039;&gt;&lt;img width=&quot;150&quot; height=&quot;150&quot; src=&quot;https:\/\/ipam.ist\/wp-content\/uploads\/2019\/05\/BACCALA\u0300_Oh_Oh_Djamila_Agustoni_0386-150x150.jpg&quot; class=&quot;attachment-thumbnail size-thumbnail&quot; alt=&quot;&quot; srcset=&quot;https:\/\/ipam.ist\/wp-content\/uploads\/2019\/05\/BACCALA\u0300_Oh_Oh_Djamila_Agustoni_0386-66x66.jpg 66w, https:\/\/ipam.ist\/wp-content\/uploads\/2019\/05\/BACCALA\u0300_Oh_Oh_Djamila_Agustoni_0386-150x150.jpg 150w&quot; sizes=&quot;(max-width: 150px) 100vw, 150px&quot; \/&gt;&lt;\/a&gt;\n\t\t\t&lt;\/dt&gt;&lt;\/dl&gt;&lt;br style=&quot;clear: both&quot; \/&gt;\n\t\t&lt;\/div&gt;\n\" data-title=\"Baccala\u0300_Oh_Oh_Djamila_Agustoni_2\" data-caption=\"\">\n\t\t\t\t\t\tGallery\t\t\t\t\t<\/a>\n\t\t\t\t\t\t\t\t\t\t\t\t\t\t\n\t\t\t\t\n\t\t\t\t\t\t\t\t\t\t\t\t<h4 class=\"fusion-rollover-title\">\n\t\t\t\t\t<a href=\"https:\/\/ipam.ist\/fr\/oh-oh\/\">\n\t\t\t\t\t\tOh Oh\t\t\t\t\t<\/a>\n\t\t\t\t<\/h4>\n\t\t\t\n\t\t\t\t\t\t\t\t\t\t\t\t\t\t<div class=\"fusion-rollover-categories\"><a href=\"https:\/\/ipam.ist\/fr\/category\/compagnia-baccala\/\" rel=\"tag\">Compagnia Baccal\u00e0<\/a>, <a href=\"https:\/\/ipam.ist\/fr\/category\/genres\/\" rel=\"tag\">Genres<\/a>, <a href=\"https:\/\/ipam.ist\/fr\/category\/new-circus\/\" rel=\"tag\">New Circus<\/a>, <a href=\"https:\/\/ipam.ist\/fr\/category\/non-classifiee\/\" rel=\"tag\">Non classifi\u00e9(e)<\/a>, <a href=\"https:\/\/ipam.ist\/fr\/category\/theater\/\" rel=\"tag\">Theater<\/a><\/div>\t\t\t\t\t\n\t\t\n\t\t\t\t<a class=\"fusion-link-wrapper\" href=\"https:\/\/ipam.ist\/fr\/oh-oh\/\" aria-label=\"Oh Oh\"><\/a>\n\t<\/div>\n<\/div>\n\n\t\n<\/div>\n<\/li>\n\t\t\t\n\t\t\t\n\t\t\t\t\t\t\t\t\t\t\t\t\t\t\t\t\t\t\t\t\t\t\t\t\t\t\t\t\t\t\t\t\t\t\t\t\t\t\t\t\t\t\t\t\t\t\t\t\t\t\t\t\t\t\t\t\t\t\t\t\t\t\t\t\t\t\t\t<\/ul>\n\t<\/div>\n\t<div class=\"fusion-post-content-wrapper\" style=\"padding:30px 25px 20px 25px;\"><div class=\"fusion-post-content post-content\"><h2 class=\"blog-shortcode-post-title entry-title\"><a href=\"https:\/\/ipam.ist\/fr\/oh-oh\/\">Oh Oh<\/a><\/h2><div class=\"fusion-post-content-container\"><p>Compagnia Baccal\u00e0 (Switzerland)<\/p><\/div><\/div><\/div><div class=\"fusion-clearfix\"><\/div><\/div>\n<\/article>\n<div class=\"fusion-clearfix\"><\/div><\/div><\/div><\/div><div class=\"nav fusion-mobile-tab-nav\"><ul class=\"nav-tabs nav-justified\"><li><a class=\"tab-link\" data-toggle=\"tab\" id=\"mobile-fusion-tab-performance\" href=\"#tab-c89f4d7cd93a3249441\"><h4 class=\"fusion-tab-heading\">Performance<\/h4><\/a><\/li><\/ul><\/div><div class=\"tab-pane fade fusion-clearfix\" id=\"tab-6d5520f791970bb6a7a\"><\/div><\/div><\/div><div class=\"fusion-clearfix\"><\/div>\n\n\t\t\t\t\t<\/div>\n\t\t\t\t<\/div><\/div><div class=\"fusion-builder-row fusion-row \"><\/div><\/div>\n","protected":false},"excerpt":{"rendered":"","protected":false},"author":1,"featured_media":0,"parent":0,"menu_order":0,"comment_status":"closed","ping_status":"open","template":"","meta":{"_seopress_robots_primary_cat":"","_seopress_titles_title":"","_seopress_titles_desc":"","_seopress_robots_index":"","footnotes":""},"class_list":["post-58","page","type-page","status-publish","hentry"],"_links":{"self":[{"href":"https:\/\/ipam.ist\/fr\/wp-json\/wp\/v2\/pages\/58","targetHints":{"allow":["GET"]}}],"collection":[{"href":"https:\/\/ipam.ist\/fr\/wp-json\/wp\/v2\/pages"}],"about":[{"href":"https:\/\/ipam.ist\/fr\/wp-json\/wp\/v2\/types\/page"}],"author":[{"embeddable":true,"href":"https:\/\/ipam.ist\/fr\/wp-json\/wp\/v2\/users\/1"}],"replies":[{"embeddable":true,"href":"https:\/\/ipam.ist\/fr\/wp-json\/wp\/v2\/comments?post=58"}],"version-history":[{"count":3,"href":"https:\/\/ipam.ist\/fr\/wp-json\/wp\/v2\/pages\/58\/revisions"}],"predecessor-version":[{"id":1050,"href":"https:\/\/ipam.ist\/fr\/wp-json\/wp\/v2\/pages\/58\/revisions\/1050"}],"wp:attachment":[{"href":"https:\/\/ipam.ist\/fr\/wp-json\/wp\/v2\/media?parent=58"}],"curies":[{"name":"wp","href":"https:\/\/api.w.org\/{rel}","templated":true}]}}